{"id":5278,"date":"2025-08-19T06:53:52","date_gmt":"2025-08-19T06:53:52","guid":{"rendered":"https:\/\/manaforge.art\/?page_id=5278"},"modified":"2025-09-12T08:51:36","modified_gmt":"2025-09-12T08:51:36","slug":"international-shipping","status":"publish","type":"page","link":"https:\/\/manaforge.art\/de\/international-shipping\/","title":{"rendered":"Versand Weltweit"},"content":{"rendered":"<h2 class=\"wp-block-heading\">Wir verschiffen nach...<\/h2>\n\n\n\n<p>Wir verschiffen in die folgenden L\u00e4nder (Februar 2026): <\/p>\n\n\n\n<ul class=\"wp-block-list\">\n<li>Deutschland<\/li>\n\n\n\n<li>Schweiz<\/li>\n\n\n\n<li>Niederlande<\/li>\n\n\n\n<li>UK<\/li>\n<\/ul>\n\n\n\n<h2 class=\"wp-block-heading\">\"Mein Land ist nicht auf der Liste. K\u00f6nnt ihr auch...\"<\/h2>\n\n\n\n<p>Theoretisch ja, und wir w\u00fcrden das auch sehr gern tun. Allerdings steht uns das Gesetz im Weg. Vielen L\u00e4nder ist es egal, dass wir ein winziger Kunsth\u00e4ndler sind, und wenn wir dorthin verschiffen wollen, m\u00fcssen wir M\u00fcllgeb\u00fchren bezahlen wie Coca Cola. Aus diesem Grund verschicken wir nur in die L\u00e4nder auf der Liste oben.<\/p>\n\n\n\n<p>Zum Gl\u00fcck kannst du immer noch ein ManaForge-Original bestellen - es gibt nur einen Extra-Schritt.<\/p>\n\n\n\n<h2 class=\"wp-block-heading\">Die L\u00f6sung<\/h2>\n\n\n\n<p>Wenn du dich bei einem <strong>Verschiffungsdienstleister<\/strong>registrierst, kannst du von einer deutschen Lieferaddresse Pakete in alle Welt weiterleiten k\u00f6nnen. Das kostet nat\u00fcrlich extra, aber schau dir die folgenden Angebote an (Beispielwerte f\u00fcr ein kleines Paket - Buchnischen kosten wahrscheinlich mehr):<\/p>\n\n\n\n<figure class=\"wp-block-table\"><table class=\"has-fixed-layout\"><tbody><tr><td>Shipping service<\/td><td>nach USA\/Kanada<\/td><td>Innerhalb der EU, zb Spanien<\/td><td>nach China<\/td><\/tr><tr><td><a href=\"https:\/\/mygermany.com\" target=\"_blank\" rel=\"noreferrer noopener\">myGermany<\/a><\/td><td>\u20ac38\u2013\u20ac48 (44$-55$)<\/td><td>\u20ac20\u2013\u20ac25 <\/td><td>\u20ac40\u2013\u20ac50 (46$-58$)<\/td><\/tr><tr><td><a href=\"https:\/\/www.forward2me.com\/warehouses\/germany\/\" target=\"_blank\" rel=\"noreferrer noopener\">Forward2Me<\/a> <br><em>untracked<\/em><\/td><td>\u00a324.99 (~29\u20ac\/~34$)<\/td><td>\u00a319.99\u2013\u00a324.99 (\u20ac23\u2013\u20ac29) <\/td><td>~\u00a324.99 (~29\u20ac\/~34$)<\/td><\/tr><tr><td><a href=\"https:\/\/www.mailboxde.com\" target=\"_blank\" rel=\"noreferrer noopener\">Mailboxde<\/a> <br><em>Processing fee + postal cost<\/em><\/td><td>\u20ac36\u2013\u20ac45 (41$-52$)<\/td><td>\u20ac16\u2013\u20ac25<\/td><td>\u20ac40\u2013\u20ac50 (46$-58$)<\/td><\/tr><tr><td><a href=\"https:\/\/www.dhl.de\/en\/privatkunden\/pakete-versenden\/weltweit-versenden\/preise-international.html\" target=\"_blank\" rel=\"noreferrer noopener\">DHL Germany (Direct)<\/a><\/td><td>\u20ac48.99 (57.14$)<\/td><td>\u20ac16.99<\/td><td>\u20ac48.99<\/td><\/tr><\/tbody><\/table><\/figure>\n\n\n\n<p><em>Wir arbeiten mit keinem dieser Angebote zusammen, und wir haben diese Tabelle via Suchmaschine erstellt. Bitte pr\u00fcf die Preise noch mal, befor du dich registrierst!<\/em><\/p>\n\n\n\n<figure class=\"wp-block-image size-large\"><img loading=\"lazy\" decoding=\"async\" width=\"1024\" height=\"575\" src=\"https:\/\/manaforge.art\/wp-content\/uploads\/2025\/08\/image-1024x575.png\" alt=\"\" class=\"wp-image-5279\" srcset=\"https:\/\/manaforge.art\/wp-content\/uploads\/2025\/08\/image-1024x575.png 1024w, https:\/\/manaforge.art\/wp-content\/uploads\/2025\/08\/image-300x169.png 300w, https:\/\/manaforge.art\/wp-content\/uploads\/2025\/08\/image-768x432.png 768w, https:\/\/manaforge.art\/wp-content\/uploads\/2025\/08\/image-18x10.png 18w, https:\/\/manaforge.art\/wp-content\/uploads\/2025\/08\/image-600x337.png 600w, https:\/\/manaforge.art\/wp-content\/uploads\/2025\/08\/image.png 1260w\" sizes=\"auto, (max-width: 1024px) 100vw, 1024px\" \/><figcaption class=\"wp-element-caption\">Image Source: <a href=\"https:\/\/www.pexels.com\/photo\/fully-loaded-cargo-ship-on-a-sea-12530455\/\">pexels.com<\/a><\/figcaption><\/figure>","protected":false},"excerpt":{"rendered":"<p>Countries we ship to As of Sep 2025, we ship to the following countries: &#8220;The country I live in is&#8230;<\/p>","protected":false},"author":1,"featured_media":0,"parent":0,"menu_order":0,"comment_status":"closed","ping_status":"closed","template":"","meta":{"footnotes":""},"class_list":["post-5278","page","type-page","status-publish","hentry"],"yoast_head":"<!-- This site is optimized with the Yoast SEO plugin v27.0 - https:\/\/yoast.com\/product\/yoast-seo-wordpress\/ -->\n<title>International shipping - manaforge.art<\/title>\n<meta name=\"robots\" content=\"index, follow, max-snippet:-1, max-image-preview:large, max-video-preview:-1\" \/>\n<link rel=\"canonical\" href=\"https:\/\/manaforge.art\/de\/international-shipping\/\" \/>\n<meta property=\"og:locale\" content=\"de_DE\" \/>\n<meta property=\"og:type\" content=\"article\" \/>\n<meta property=\"og:title\" content=\"International shipping - manaforge.art\" \/>\n<meta property=\"og:description\" content=\"Countries we ship to As of Sep 2025, we ship to the following countries: &#8220;The country I live in is...\" \/>\n<meta property=\"og:url\" content=\"https:\/\/manaforge.art\/de\/international-shipping\/\" \/>\n<meta property=\"og:site_name\" content=\"manaforge.art\" \/>\n<meta property=\"article:publisher\" content=\"https:\/\/www.facebook.com\/profile.php?id=61577593149598\" \/>\n<meta property=\"article:modified_time\" content=\"2025-09-12T08:51:36+00:00\" \/>\n<meta property=\"og:image\" content=\"https:\/\/manaforge.art\/wp-content\/uploads\/2025\/08\/image.png\" \/>\n\t<meta property=\"og:image:width\" content=\"1260\" \/>\n\t<meta property=\"og:image:height\" content=\"708\" \/>\n\t<meta property=\"og:image:type\" content=\"image\/png\" \/>\n<meta name=\"twitter:card\" content=\"summary_large_image\" \/>\n<meta name=\"twitter:label1\" content=\"Gesch\u00e4tzte Lesezeit\" \/>\n\t<meta name=\"twitter:data1\" content=\"2\u00a0Minuten\" \/>\n<script type=\"application\/ld+json\" class=\"yoast-schema-graph\">{\"@context\":\"https:\/\/schema.org\",\"@graph\":[{\"@type\":\"WebPage\",\"@id\":\"https:\/\/manaforge.art\/international-shipping\/\",\"url\":\"https:\/\/manaforge.art\/international-shipping\/\",\"name\":\"International shipping - manaforge.art\",\"isPartOf\":{\"@id\":\"https:\/\/manaforge.art\/#website\"},\"primaryImageOfPage\":{\"@id\":\"https:\/\/manaforge.art\/international-shipping\/#primaryimage\"},\"image\":{\"@id\":\"https:\/\/manaforge.art\/international-shipping\/#primaryimage\"},\"thumbnailUrl\":\"https:\/\/manaforge.art\/wp-content\/uploads\/2025\/08\/image-1024x575.png\",\"datePublished\":\"2025-08-19T06:53:52+00:00\",\"dateModified\":\"2025-09-12T08:51:36+00:00\",\"breadcrumb\":{\"@id\":\"https:\/\/manaforge.art\/international-shipping\/#breadcrumb\"},\"inLanguage\":\"de\",\"potentialAction\":[{\"@type\":\"ReadAction\",\"target\":[\"https:\/\/manaforge.art\/international-shipping\/\"]}]},{\"@type\":\"ImageObject\",\"inLanguage\":\"de\",\"@id\":\"https:\/\/manaforge.art\/international-shipping\/#primaryimage\",\"url\":\"https:\/\/manaforge.art\/wp-content\/uploads\/2025\/08\/image-1024x575.png\",\"contentUrl\":\"https:\/\/manaforge.art\/wp-content\/uploads\/2025\/08\/image-1024x575.png\"},{\"@type\":\"BreadcrumbList\",\"@id\":\"https:\/\/manaforge.art\/international-shipping\/#breadcrumb\",\"itemListElement\":[{\"@type\":\"ListItem\",\"position\":1,\"name\":\"Home\",\"item\":\"https:\/\/manaforge.art\/\"},{\"@type\":\"ListItem\",\"position\":2,\"name\":\"International shipping\"}]},{\"@type\":\"WebSite\",\"@id\":\"https:\/\/manaforge.art\/#website\",\"url\":\"https:\/\/manaforge.art\/\",\"name\":\"manaforge.art\",\"description\":\"Hand-painted 3d magic\",\"publisher\":{\"@id\":\"https:\/\/manaforge.art\/#organization\"},\"potentialAction\":[{\"@type\":\"SearchAction\",\"target\":{\"@type\":\"EntryPoint\",\"urlTemplate\":\"https:\/\/manaforge.art\/?s={search_term_string}\"},\"query-input\":{\"@type\":\"PropertyValueSpecification\",\"valueRequired\":true,\"valueName\":\"search_term_string\"}}],\"inLanguage\":\"de\"},{\"@type\":\"Organization\",\"@id\":\"https:\/\/manaforge.art\/#organization\",\"name\":\"manaforge.art\",\"url\":\"https:\/\/manaforge.art\/\",\"logo\":{\"@type\":\"ImageObject\",\"inLanguage\":\"de\",\"@id\":\"https:\/\/manaforge.art\/#\/schema\/logo\/image\/\",\"url\":\"https:\/\/manaforge.art\/wp-content\/uploads\/2025\/06\/watermark_stickers.png\",\"contentUrl\":\"https:\/\/manaforge.art\/wp-content\/uploads\/2025\/06\/watermark_stickers.png\",\"width\":576,\"height\":424,\"caption\":\"manaforge.art\"},\"image\":{\"@id\":\"https:\/\/manaforge.art\/#\/schema\/logo\/image\/\"},\"sameAs\":[\"https:\/\/www.facebook.com\/profile.php?id=61577593149598\",\"https:\/\/www.etsy.com\/uk\/shop\/ManaForgeArt\"]}]}<\/script>\n<!-- \/ Yoast SEO plugin. -->","yoast_head_json":{"title":"International shipping - manaforge.art","robots":{"index":"index","follow":"follow","max-snippet":"max-snippet:-1","max-image-preview":"max-image-preview:large","max-video-preview":"max-video-preview:-1"},"canonical":"https:\/\/manaforge.art\/de\/international-shipping\/","og_locale":"de_DE","og_type":"article","og_title":"International shipping - manaforge.art","og_description":"Countries we ship to As of Sep 2025, we ship to the following countries: &#8220;The country I live in is...","og_url":"https:\/\/manaforge.art\/de\/international-shipping\/","og_site_name":"manaforge.art","article_publisher":"https:\/\/www.facebook.com\/profile.php?id=61577593149598","article_modified_time":"2025-09-12T08:51:36+00:00","og_image":[{"width":1260,"height":708,"url":"https:\/\/manaforge.art\/wp-content\/uploads\/2025\/08\/image.png","type":"image\/png"}],"twitter_card":"summary_large_image","twitter_misc":{"Gesch\u00e4tzte Lesezeit":"2\u00a0Minuten"},"schema":{"@context":"https:\/\/schema.org","@graph":[{"@type":"WebPage","@id":"https:\/\/manaforge.art\/international-shipping\/","url":"https:\/\/manaforge.art\/international-shipping\/","name":"International shipping - manaforge.art","isPartOf":{"@id":"https:\/\/manaforge.art\/#website"},"primaryImageOfPage":{"@id":"https:\/\/manaforge.art\/international-shipping\/#primaryimage"},"image":{"@id":"https:\/\/manaforge.art\/international-shipping\/#primaryimage"},"thumbnailUrl":"https:\/\/manaforge.art\/wp-content\/uploads\/2025\/08\/image-1024x575.png","datePublished":"2025-08-19T06:53:52+00:00","dateModified":"2025-09-12T08:51:36+00:00","breadcrumb":{"@id":"https:\/\/manaforge.art\/international-shipping\/#breadcrumb"},"inLanguage":"de","potentialAction":[{"@type":"ReadAction","target":["https:\/\/manaforge.art\/international-shipping\/"]}]},{"@type":"ImageObject","inLanguage":"de","@id":"https:\/\/manaforge.art\/international-shipping\/#primaryimage","url":"https:\/\/manaforge.art\/wp-content\/uploads\/2025\/08\/image-1024x575.png","contentUrl":"https:\/\/manaforge.art\/wp-content\/uploads\/2025\/08\/image-1024x575.png"},{"@type":"BreadcrumbList","@id":"https:\/\/manaforge.art\/international-shipping\/#breadcrumb","itemListElement":[{"@type":"ListItem","position":1,"name":"Home","item":"https:\/\/manaforge.art\/"},{"@type":"ListItem","position":2,"name":"International shipping"}]},{"@type":"WebSite","@id":"https:\/\/manaforge.art\/#website","url":"https:\/\/manaforge.art\/","name":"manaforge.art","description":"Hand-painted 3d magic","publisher":{"@id":"https:\/\/manaforge.art\/#organization"},"potentialAction":[{"@type":"SearchAction","target":{"@type":"EntryPoint","urlTemplate":"https:\/\/manaforge.art\/?s={search_term_string}"},"query-input":{"@type":"PropertyValueSpecification","valueRequired":true,"valueName":"search_term_string"}}],"inLanguage":"de"},{"@type":"Organization","@id":"https:\/\/manaforge.art\/#organization","name":"manaforge.art","url":"https:\/\/manaforge.art\/","logo":{"@type":"ImageObject","inLanguage":"de","@id":"https:\/\/manaforge.art\/#\/schema\/logo\/image\/","url":"https:\/\/manaforge.art\/wp-content\/uploads\/2025\/06\/watermark_stickers.png","contentUrl":"https:\/\/manaforge.art\/wp-content\/uploads\/2025\/06\/watermark_stickers.png","width":576,"height":424,"caption":"manaforge.art"},"image":{"@id":"https:\/\/manaforge.art\/#\/schema\/logo\/image\/"},"sameAs":["https:\/\/www.facebook.com\/profile.php?id=61577593149598","https:\/\/www.etsy.com\/uk\/shop\/ManaForgeArt"]}]}},"jetpack_sharing_enabled":true,"post-meta":{"_edit_lock":["1757667578:1"],"_edit_last":["1"],"site-container":["default"],"site-header-transparent":["default"],"site-page-header":["default"],"site-sidebar":["default"],"_yoast_wpseo_focuskw":["International shipping"],"_yoast_wpseo_linkdex":["65"],"_yoast_wpseo_content_score":["90"],"_yoast_wpseo_estimated-reading-time-minutes":["2"]},"_links":{"self":[{"href":"https:\/\/manaforge.art\/de\/wp-json\/wp\/v2\/pages\/5278","targetHints":{"allow":["GET"]}}],"collection":[{"href":"https:\/\/manaforge.art\/de\/wp-json\/wp\/v2\/pages"}],"about":[{"href":"https:\/\/manaforge.art\/de\/wp-json\/wp\/v2\/types\/page"}],"author":[{"embeddable":true,"href":"https:\/\/manaforge.art\/de\/wp-json\/wp\/v2\/users\/1"}],"replies":[{"embeddable":true,"href":"https:\/\/manaforge.art\/de\/wp-json\/wp\/v2\/comments?post=5278"}],"version-history":[{"count":2,"href":"https:\/\/manaforge.art\/de\/wp-json\/wp\/v2\/pages\/5278\/revisions"}],"predecessor-version":[{"id":5334,"href":"https:\/\/manaforge.art\/de\/wp-json\/wp\/v2\/pages\/5278\/revisions\/5334"}],"wp:attachment":[{"href":"https:\/\/manaforge.art\/de\/wp-json\/wp\/v2\/media?parent=5278"}],"curies":[{"name":"wp","href":"https:\/\/api.w.org\/{rel}","templated":true}]}}